{"id":184,"date":"2017-01-30T12:48:47","date_gmt":"2017-01-30T12:48:47","guid":{"rendered":"https:\/\/neworkar.com\/?page_id=184"},"modified":"2024-11-21T20:34:13","modified_gmt":"2024-11-21T23:34:13","slug":"nosotros","status":"publish","type":"page","link":"https:\/\/neworkar.com.ar\/site\/nosotros\/","title":{"rendered":"NOSOTROS"},"content":{"rendered":"<p>[vc_row css=&#8221;.vc_custom_1488381523804{padding-top: 0px !important;padding-bottom: 0px !important;}&#8221;][vc_column][vc_empty_space alter_height=&#8221;medium&#8221; hide_on_mobile=&#8221;&#8221;][vc_empty_space alter_height=&#8221;medium&#8221; hide_on_mobile=&#8221;1&#8243;][\/vc_column][\/vc_row][vc_row css=&#8221;.vc_custom_1623292157168{border-bottom-width: 3px !important;border-bottom-color: #dbdbdb !important;border-bottom-style: dotted !important;}&#8221;][vc_column width=&#8221;1\/5&#8243;][vc_single_image image=&#8221;1871&#8243; img_size=&#8221;full&#8221; alignment=&#8221;center&#8221;][\/vc_column][vc_column width=&#8221;4\/5&#8243;][vc_empty_space alter_height=&#8221;medium&#8221; hide_on_mobile=&#8221;&#8221;]<div id=\"sc_title_1592058065\"\r\n\t\tclass=\"sc_title sc_title_default\"><h3 class=\"sc_item_title sc_title_title sc_align_default sc_item_title_style_default\">VISI\u00d3N<\/h3><div class=\"sc_item_descr sc_title_descr sc_align_default\">Ser una consultora reconocida por transformar la realidad de empresas y organizaciones, comprometida con la obtenci\u00f3n de resultados reales que le permitan ordenarse, crecer y escalar a traves de metodolog\u00edas aplicadas simultaneamente sobre tres ejes: Personas, Procesos y Tecnologia\/Informaci\u00f3n<\/div><\/div><!-- \/.sc_title -->[\/vc_column][\/vc_row][vc_row css=&#8221;.vc_custom_1623292184981{border-bottom-width: 3px !important;border-bottom-color: #dbdbdb !important;border-bottom-style: dotted !important;}&#8221;][vc_column width=&#8221;1\/5&#8243;][vc_single_image image=&#8221;1873&#8243; img_size=&#8221;full&#8221; alignment=&#8221;center&#8221;][\/vc_column][vc_column width=&#8221;4\/5&#8243;][vc_empty_space alter_height=&#8221;medium&#8221; hide_on_mobile=&#8221;&#8221;]<div id=\"sc_title_1794271127\"\r\n\t\tclass=\"sc_title sc_title_default\"><h3 class=\"sc_item_title sc_title_title sc_align_default sc_item_title_style_default\">MISI\u00d3N<\/h3><div class=\"sc_item_descr sc_title_descr sc_align_default\">Acompa\u00f1amos a las empresas y organizaciones a desarrollar su potencial diferencial y a mejorar su rendimiento a traves del empuje de su capacidad humana, de la aplicacion de tecnolog\u00eda de vanguardia y del desarrollo de procesos . En definitiva, nuestra mision es lograr la transformacion empresaria a traves de una metodolog\u00eda empirica, sistemica y holistica.<br \/>\nPara ello dise\u00f1amos nuestra metodolog\u00eda SASER para poder llevar a la pr\u00e1ctica de manera simple y natural nuestro trabajo, en forma cotidiana, que se incorpore r\u00e1pidamente como un H\u00e1bito Cultural y Social de la propia empresa.<\/div><\/div><!-- \/.sc_title -->[\/vc_column][\/vc_row][vc_row][vc_column width=&#8221;1\/5&#8243;][vc_single_image image=&#8221;1888&#8243; img_size=&#8221;full&#8221; alignment=&#8221;center&#8221;][\/vc_column][vc_column width=&#8221;4\/5&#8243;][vc_empty_space alter_height=&#8221;medium&#8221; hide_on_mobile=&#8221;&#8221;]<div id=\"sc_title_1948160373\"\r\n\t\tclass=\"sc_title sc_title_default\"><h3 class=\"sc_item_title sc_title_title sc_align_default sc_item_title_style_default\">VALORES<\/h3><div class=\"sc_item_descr sc_title_descr sc_align_default\">Innovacion. Creatividad. Analisis. Redarquia. Profesionalismo. Orden. Accion. Resultado<\/div><\/div><!-- \/.sc_title -->[\/vc_column][\/vc_row][vc_row css=&#8221;.vc_custom_1488381523804{padding-top: 0px !important;padding-bottom: 0px !important;}&#8221;][vc_column][vc_empty_space alter_height=&#8221;medium&#8221; hide_on_mobile=&#8221;&#8221;][\/vc_column][\/vc_row][vc_row full_width=&#8221;stretch_row&#8221; css=&#8221;.vc_custom_1488382374009{padding-top: 0px !important;padding-bottom: 0px !important;background-color: #fafafa !important;}&#8221;][vc_column][vc_empty_space alter_height=&#8221;medium&#8221; hide_on_mobile=&#8221;&#8221;][vc_empty_space alter_height=&#8221;medium&#8221; hide_on_mobile=&#8221;1&#8243;][vc_column_text]<\/p>\n<h1 style=\"text-align: center;\">Nuestro equipo<\/h1>\n<p>[\/vc_column_text]<div class=\"sc_team sc_team_short\" data-slides-per-view=\"4\" data-slides-min-width=\"150\"\t\t>\r\n\t\t<div class=\"sc_team_columns sc_item_columns trx_addons_columns_wrap columns_padding_bottom\"><div class=\"trx_addons_column-1_4\"><div class=\"sc_team_item\">\n\t<div class=\"post_featured sc_team_item_thumb trx_addons_hover trx_addons_hover_style_zoomin\">\r\n\t\t\t\t\t\t\t\t\t\t<a href=\"https:\/\/neworkar.com.ar\/site\/team\/natalia-c-glok\/\" aria-hidden=\"true\"><img fetchpriority=\"high\" decoding=\"async\" width=\"229\" height=\"256\" src=\"https:\/\/neworkar.com.ar\/site\/wp-content\/uploads\/2024\/11\/Sin-titulo-1.jpg\" class=\"attachment-trx_addons-thumb-team_avatar size-trx_addons-thumb-team_avatar wp-post-image\" alt=\"Natalia C. Glok\" \/><\/a>\r\n\t\t\t\t\t<div class=\"trx_addons_hover_mask\"><\/div><div class=\"trx_addons_hover_content\">\r\n\t\t\t\t\t\t\t\t<a href=\"\" class=\"trx_addons_hover_icon trx_addons_hover_icon_link\"><\/a>\r\n\t\t\t\t\t\t\t\t<a href=\"https:\/\/neworkar.com.ar\/site\/wp-content\/uploads\/2024\/11\/Sin-titulo-1.jpg\" class=\"trx_addons_hover_icon trx_addons_hover_icon_zoom\"><\/a>\r\n\t\t\t\t\t\t\t<\/div><\/div>\t<div class=\"sc_team_item_info\">\n\t\t<div class=\"sc_team_item_header\">\n\t\t\t<h4 class=\"sc_team_item_title\"><a href=\"https:\/\/neworkar.com.ar\/site\/team\/natalia-c-glok\/\">Natalia C. Glok<\/a><\/h4>\n\t\t\t<div class=\"sc_team_item_subtitle\">Area de RRHH<\/div>\n\t\t<\/div>\n\t<\/div>\n<\/div>\n<\/div><div class=\"trx_addons_column-1_4\"><div class=\"sc_team_item\">\n\t<div class=\"post_featured sc_team_item_thumb trx_addons_hover trx_addons_hover_style_info\">\r\n\t\t\t\t\t\t\t\t\t\t<a href=\"https:\/\/neworkar.com.ar\/site\/team\/michael-lee\/\" aria-hidden=\"true\"><img decoding=\"async\" width=\"1080\" height=\"1080\" src=\"https:\/\/neworkar.com.ar\/site\/wp-content\/uploads\/2017\/01\/Foto.-Juan.-fondo-blanco.png\" class=\"attachment-trx_addons-thumb-team_avatar size-trx_addons-thumb-team_avatar wp-post-image\" alt=\"Juan Jos\u00e9 Araujo\" srcset=\"https:\/\/neworkar.com.ar\/site\/wp-content\/uploads\/2017\/01\/Foto.-Juan.-fondo-blanco.png 1080w, https:\/\/neworkar.com.ar\/site\/wp-content\/uploads\/2017\/01\/Foto.-Juan.-fondo-blanco-300x300.png 300w, https:\/\/neworkar.com.ar\/site\/wp-content\/uploads\/2017\/01\/Foto.-Juan.-fondo-blanco-1024x1024.png 1024w, https:\/\/neworkar.com.ar\/site\/wp-content\/uploads\/2017\/01\/Foto.-Juan.-fondo-blanco-150x150.png 150w, https:\/\/neworkar.com.ar\/site\/wp-content\/uploads\/2017\/01\/Foto.-Juan.-fondo-blanco-768x768.png 768w, https:\/\/neworkar.com.ar\/site\/wp-content\/uploads\/2017\/01\/Foto.-Juan.-fondo-blanco-370x370.png 370w, https:\/\/neworkar.com.ar\/site\/wp-content\/uploads\/2017\/01\/Foto.-Juan.-fondo-blanco-90x90.png 90w, https:\/\/neworkar.com.ar\/site\/wp-content\/uploads\/2017\/01\/Foto.-Juan.-fondo-blanco-770x770.png 770w\" sizes=\"(max-width: 1080px) 100vw, 1080px\" \/><\/a>\r\n\t\t\t\t\t<div class=\"trx_addons_hover_content\"><div class=\"sc_team_item_socials trx_addons_hover_info\"><span class=\"social_item\"><a href=\"https:\/\/twitter.com\/axiom_themes\" target=\"_blank\" class=\"social_icons social_twitter\"><span class=\"trx_addons_icon-twitter\"><\/span><\/a><\/span><span class=\"social_item\"><a href=\"https:\/\/www.facebook.com\/AxiomThemes-505060569826537\/\" target=\"_blank\" class=\"social_icons social_facebook\"><span class=\"trx_addons_icon-facebook\"><\/span><\/a><\/span><span class=\"social_item\"><a href=\"https:\/\/www.pinterest.com\/\" target=\"_blank\" class=\"social_icons social_pinterest\"><span class=\"trx_addons_icon-pinterest\"><\/span><\/a><\/span><\/div><\/div><div class=\"trx_addons_hover_mask\"><\/div><\/div>\t<div class=\"sc_team_item_info\">\n\t\t<div class=\"sc_team_item_header\">\n\t\t\t<h4 class=\"sc_team_item_title\"><a href=\"https:\/\/neworkar.com.ar\/site\/team\/michael-lee\/\">Juan Jos\u00e9 Araujo<\/a><\/h4>\n\t\t\t<div class=\"sc_team_item_subtitle\">Cosultor<\/div>\n\t\t<\/div>\n\t<\/div>\n<\/div>\n<\/div><div class=\"trx_addons_column-1_4\"><div class=\"sc_team_item\">\n\t<div class=\"post_featured sc_team_item_thumb trx_addons_hover trx_addons_hover_style_info\">\r\n\t\t\t\t\t\t\t\t\t\t<a href=\"https:\/\/neworkar.com.ar\/site\/team\/peter-watson\/\" aria-hidden=\"true\"><img decoding=\"async\" width=\"1080\" height=\"1080\" src=\"https:\/\/neworkar.com.ar\/site\/wp-content\/uploads\/2017\/01\/Foto.-Oscar.-fondo-blanco.png\" class=\"attachment-trx_addons-thumb-team_avatar size-trx_addons-thumb-team_avatar wp-post-image\" alt=\"Oscar Villafuerte Cipriano\" srcset=\"https:\/\/neworkar.com.ar\/site\/wp-content\/uploads\/2017\/01\/Foto.-Oscar.-fondo-blanco.png 1080w, https:\/\/neworkar.com.ar\/site\/wp-content\/uploads\/2017\/01\/Foto.-Oscar.-fondo-blanco-300x300.png 300w, https:\/\/neworkar.com.ar\/site\/wp-content\/uploads\/2017\/01\/Foto.-Oscar.-fondo-blanco-1024x1024.png 1024w, https:\/\/neworkar.com.ar\/site\/wp-content\/uploads\/2017\/01\/Foto.-Oscar.-fondo-blanco-150x150.png 150w, https:\/\/neworkar.com.ar\/site\/wp-content\/uploads\/2017\/01\/Foto.-Oscar.-fondo-blanco-768x768.png 768w, https:\/\/neworkar.com.ar\/site\/wp-content\/uploads\/2017\/01\/Foto.-Oscar.-fondo-blanco-370x370.png 370w, https:\/\/neworkar.com.ar\/site\/wp-content\/uploads\/2017\/01\/Foto.-Oscar.-fondo-blanco-90x90.png 90w, https:\/\/neworkar.com.ar\/site\/wp-content\/uploads\/2017\/01\/Foto.-Oscar.-fondo-blanco-770x770.png 770w\" sizes=\"(max-width: 1080px) 100vw, 1080px\" \/><\/a>\r\n\t\t\t\t\t<div class=\"trx_addons_hover_content\"><div class=\"sc_team_item_socials trx_addons_hover_info\"><span class=\"social_item\"><a href=\"https:\/\/twitter.com\/axiom_themes\" target=\"_blank\" class=\"social_icons social_twitter\"><span class=\"trx_addons_icon-twitter\"><\/span><\/a><\/span><span class=\"social_item\"><a href=\"https:\/\/www.facebook.com\/AxiomThemes-505060569826537\/\" target=\"_blank\" class=\"social_icons social_facebook\"><span class=\"trx_addons_icon-facebook\"><\/span><\/a><\/span><span class=\"social_item\"><a href=\"https:\/\/www.pinterest.com\/\" target=\"_blank\" class=\"social_icons social_pinterest\"><span class=\"trx_addons_icon-pinterest\"><\/span><\/a><\/span><\/div><\/div><div class=\"trx_addons_hover_mask\"><\/div><\/div>\t<div class=\"sc_team_item_info\">\n\t\t<div class=\"sc_team_item_header\">\n\t\t\t<h4 class=\"sc_team_item_title\"><a href=\"https:\/\/neworkar.com.ar\/site\/team\/peter-watson\/\">Oscar Villafuerte Cipriano<\/a><\/h4>\n\t\t\t<div class=\"sc_team_item_subtitle\">Consultor<\/div>\n\t\t<\/div>\n\t<\/div>\n<\/div>\n<\/div><div class=\"trx_addons_column-1_4\"><div class=\"sc_team_item\">\n\t<div class=\"post_featured sc_team_item_thumb trx_addons_hover trx_addons_hover_style_info\">\r\n\t\t\t\t\t\t\t\t\t\t<a href=\"https:\/\/neworkar.com.ar\/site\/team\/will-jones\/\" aria-hidden=\"true\"><img loading=\"lazy\" decoding=\"async\" width=\"1080\" height=\"1080\" src=\"https:\/\/neworkar.com.ar\/site\/wp-content\/uploads\/2017\/01\/Foto.Damian.-fondo-blanco.png\" class=\"attachment-trx_addons-thumb-team_avatar size-trx_addons-thumb-team_avatar wp-post-image\" alt=\"Dami\u00e1n S\u00e1nchez Moretto\" srcset=\"https:\/\/neworkar.com.ar\/site\/wp-content\/uploads\/2017\/01\/Foto.Damian.-fondo-blanco.png 1080w, https:\/\/neworkar.com.ar\/site\/wp-content\/uploads\/2017\/01\/Foto.Damian.-fondo-blanco-300x300.png 300w, https:\/\/neworkar.com.ar\/site\/wp-content\/uploads\/2017\/01\/Foto.Damian.-fondo-blanco-1024x1024.png 1024w, https:\/\/neworkar.com.ar\/site\/wp-content\/uploads\/2017\/01\/Foto.Damian.-fondo-blanco-150x150.png 150w, https:\/\/neworkar.com.ar\/site\/wp-content\/uploads\/2017\/01\/Foto.Damian.-fondo-blanco-768x768.png 768w, https:\/\/neworkar.com.ar\/site\/wp-content\/uploads\/2017\/01\/Foto.Damian.-fondo-blanco-370x370.png 370w, https:\/\/neworkar.com.ar\/site\/wp-content\/uploads\/2017\/01\/Foto.Damian.-fondo-blanco-90x90.png 90w, https:\/\/neworkar.com.ar\/site\/wp-content\/uploads\/2017\/01\/Foto.Damian.-fondo-blanco-770x770.png 770w\" sizes=\"(max-width: 1080px) 100vw, 1080px\" \/><\/a>\r\n\t\t\t\t\t<div class=\"trx_addons_hover_content\"><div class=\"sc_team_item_socials trx_addons_hover_info\"><span class=\"social_item\"><a href=\"https:\/\/twitter.com\/axiom_themes\" target=\"_blank\" class=\"social_icons social_twitter\"><span class=\"trx_addons_icon-twitter\"><\/span><\/a><\/span><span class=\"social_item\"><a href=\"https:\/\/www.facebook.com\/AxiomThemes-505060569826537\/\" target=\"_blank\" class=\"social_icons social_facebook\"><span class=\"trx_addons_icon-facebook\"><\/span><\/a><\/span><\/div><\/div><div class=\"trx_addons_hover_mask\"><\/div><\/div>\t<div class=\"sc_team_item_info\">\n\t\t<div class=\"sc_team_item_header\">\n\t\t\t<h4 class=\"sc_team_item_title\"><a href=\"https:\/\/neworkar.com.ar\/site\/team\/will-jones\/\">Dami\u00e1n S\u00e1nchez Moretto<\/a><\/h4>\n\t\t\t<div class=\"sc_team_item_subtitle\">Consultor<\/div>\n\t\t<\/div>\n\t<\/div>\n<\/div>\n<\/div><\/div><\/div><!-- \/.sc_team -->[vc_empty_space alter_height=&#8221;medium&#8221; hide_on_mobile=&#8221;&#8221;][vc_empty_space alter_height=&#8221;medium&#8221; hide_on_mobile=&#8221;1&#8243;][\/vc_column][\/vc_row][vc_row full_width=&#8221;stretch_row_content_no_spaces&#8221; equal_height=&#8221;yes&#8221; content_placement=&#8221;middle&#8221; css=&#8221;.vc_custom_1488878763350{padding-top: 0px !important;padding-bottom: 0px !important;}&#8221;][vc_column css=&#8221;.vc_custom_1626453801146{background-color: #2b9086 !important;}&#8221; offset=&#8221;vc_col-md-6&#8243;][vc_empty_space alter_height=&#8221;medium&#8221; hide_on_mobile=&#8221;&#8221;][vc_empty_space alter_height=&#8221;medium&#8221; hide_on_mobile=&#8221;1&#8243;][vc_custom_heading text=&#8221;Simple<br \/>\nAccesible<br \/>\nSustentable<br \/>\nEfectiva<br \/>\nRealista&#8221; font_container=&#8221;tag:h1|text_align:center|color:%23ffffff&#8221; google_fonts=&#8221;font_family:Titillium%20Web%3A200%2C200italic%2C300%2C300italic%2Cregular%2Citalic%2C600%2C600italic%2C700%2C700italic%2C900|font_style:700%20bold%20regular%3A700%3Anormal&#8221;][vc_empty_space alter_height=&#8221;medium&#8221; hide_on_mobile=&#8221;&#8221;][vc_empty_space alter_height=&#8221;medium&#8221; hide_on_mobile=&#8221;1&#8243;][\/vc_column][vc_column css=&#8221;.vc_custom_1626453886654{background-color: #a9b33d !important;}&#8221; offset=&#8221;vc_col-md-6&#8243;][vc_empty_space alter_height=&#8221;medium&#8221; hide_on_mobile=&#8221;&#8221;][vc_empty_space alter_height=&#8221;medium&#8221; hide_on_mobile=&#8221;1&#8243;][vc_custom_heading text=&#8221;M\u00c9TODO SASER&#8221; font_container=&#8221;tag:h2|text_align:center|color:%232b9086&#8243; google_fonts=&#8221;font_family:Titillium%20Web%3A200%2C200italic%2C300%2C300italic%2Cregular%2Citalic%2C600%2C600italic%2C700%2C700italic%2C900|font_style:600%20bold%20regular%3A600%3Anormal&#8221; css_animation=&#8221;bounceIn&#8221;][vc_btn title=&#8221;DESCARGAR&#8221; style=&#8221;custom&#8221; custom_background=&#8221;#eaeae4&#8243; custom_text=&#8221;#ffffff&#8221; align=&#8221;center&#8221; link=&#8221;url:https%3A%2F%2Fneworkar.com%2Fwp-content%2Fuploads%2F2021%2F07%2FMETODOLOGIA-SASERv2.pdf&#8221;][vc_empty_space alter_height=&#8221;medium&#8221; hide_on_mobile=&#8221;&#8221;][vc_empty_space alter_height=&#8221;medium&#8221; hide_on_mobile=&#8221;1&#8243;][\/vc_column][\/vc_row][vc_row full_width=&#8221;stretch_row&#8221; equal_height=&#8221;yes&#8221; content_placement=&#8221;middle&#8221; disable_element=&#8221;yes&#8221; scheme=&#8221;dark&#8221; css=&#8221;.vc_custom_1626453627647{padding-top: 0px !important;padding-bottom: 0px !important;background-image: url(https:\/\/neworkar.com\/wp-content\/uploads\/2017\/01\/bg_updates.jpg?id=191) !important;background-position: center !important;background-repeat: no-repeat !important;background-size: cover !important;}&#8221;][vc_column width=&#8221;1\/2&#8243;][vc_empty_space alter_height=&#8221;medium&#8221; hide_on_mobile=&#8221;&#8221;][vc_empty_space alter_height=&#8221;medium&#8221; hide_on_mobile=&#8221;1&#8243;][vc_column_text]<\/p>\n<h2>Don\u2019t Miss Out Our Updates! Sign Up &amp; Get 10% Off<\/h2>\n<p>[\/vc_column_text][vc_empty_space alter_height=&#8221;medium&#8221; hide_on_mobile=&#8221;1&#8243;][vc_empty_space alter_height=&#8221;medium&#8221; hide_on_mobile=&#8221;1,3&#8243;][\/vc_column][vc_column width=&#8221;1\/2&#8243;][vc_empty_space alter_height=&#8221;medium&#8221; hide_on_mobile=&#8221;3&#8243;][vc_empty_space alter_height=&#8221;medium&#8221; hide_on_mobile=&#8221;1&#8243;][vc_column_text]<script>(function() {\n\twindow.mc4wp = window.mc4wp || {\n\t\tlisteners: [],\n\t\tforms: {\n\t\t\ton: function(evt, cb) {\n\t\t\t\twindow.mc4wp.listeners.push(\n\t\t\t\t\t{\n\t\t\t\t\t\tevent   : evt,\n\t\t\t\t\t\tcallback: cb\n\t\t\t\t\t}\n\t\t\t\t);\n\t\t\t}\n\t\t}\n\t}\n})();\n<\/script><!-- Mailchimp for WordPress v4.9.14 - https:\/\/wordpress.org\/plugins\/mailchimp-for-wp\/ --><form id=\"mc4wp-form-1\" class=\"mc4wp-form mc4wp-form-332\" method=\"post\" data-id=\"332\" data-name=\"\" ><div class=\"mc4wp-form-fields\"><p>Subscribite a nuestras novedades y enterate de las nuevas capacitaciones<\/p>\r\n<p style=\"position: relative\">\r\n  <input type=\"email\" name=\"EMAIL\" placeholder=\"TU Email\" required \/>\r\n  <input type=\"submit\" value=\"ENVIAR\" \/>\r\n<\/p><\/div><label style=\"display: none !important;\">Deja vac\u00edo este campo si eres humano: <input type=\"text\" name=\"_mc4wp_honeypot\" value=\"\" tabindex=\"-1\" autocomplete=\"off\" \/><\/label><input type=\"hidden\" name=\"_mc4wp_timestamp\" value=\"1777813280\" \/><input type=\"hidden\" name=\"_mc4wp_form_id\" value=\"332\" \/><input type=\"hidden\" name=\"_mc4wp_form_element_id\" value=\"mc4wp-form-1\" \/><div class=\"mc4wp-response\"><\/div><\/form><!-- \/ Mailchimp for WordPress Plugin -->[\/vc_column_text][vc_empty_space alter_height=&#8221;medium&#8221; hide_on_mobile=&#8221;&#8221;][vc_empty_space alter_height=&#8221;medium&#8221; hide_on_mobile=&#8221;1&#8243;][\/vc_column][\/vc_row][vc_row disable_element=&#8221;yes&#8221; css=&#8221;.vc_custom_1626453636661{padding-top: 0px !important;padding-bottom: 0px !important;}&#8221;][vc_column][vc_empty_space alter_height=&#8221;medium&#8221; hide_on_mobile=&#8221;&#8221;][vc_empty_space alter_height=&#8221;medium&#8221; hide_on_mobile=&#8221;1&#8243;]<div id=\"sc_title_861070738\"\r\n\t\tclass=\"sc_title sc_title_default\"><h3 class=\"sc_item_title sc_title_title sc_align_center sc_item_title_style_default\">The Main Reasons to Choose Us<\/h3><\/div><!-- \/.sc_title -->[\/vc_column][\/vc_row][vc_row disable_element=&#8221;yes&#8221;][vc_column width=&#8221;1\/2&#8243;][vc_column_text]<\/p>\n<ul class=\"trx_addons_list_success\">\n<li>Commercial and residential safes, key and combination options<\/li>\n<li>Control access to your business with solutions to meet any requirement local or remote<\/li>\n<li>Security doors, screens and window grills for your comfort and peace of mind<\/li>\n<\/ul>\n<p>[\/vc_column_text][\/vc_column][vc_column width=&#8221;1\/2&#8243;][vc_column_text]<\/p>\n<ul class=\"trx_addons_list_success\">\n<li>Providing a full range of services to meet any security requirement<\/li>\n<li>Hardwired or wireless alarm systems providing 24 hour protection with app verification and control<\/li>\n<li>Full range or locksets, deadlocks, padlocks and cylinders to provide access for required services<\/li>\n<\/ul>\n<p>[\/vc_column_text][\/vc_column][\/vc_row][vc_row disable_element=&#8221;yes&#8221;][vc_column]<div class=\"sc_item_button sc_button_wrap sc_align_center\"><a href=\"\/about-style-1\/\" id=\"sc_button_1586421494\" class=\"sc_button sc_button_default sc_button_size_normal sc_button_icon_left\"><span class=\"sc_button_text sc_align_center\"><span class=\"sc_button_title\">more about us<\/span><\/span><!-- \/.sc_button_text --><\/a><!-- \/.sc_button --><\/div><!-- \/.sc_item_button -->[vc_empty_space alter_height=&#8221;medium&#8221; hide_on_mobile=&#8221;&#8221;][vc_empty_space alter_height=&#8221;medium&#8221; hide_on_mobile=&#8221;1&#8243;][\/vc_column][\/vc_row][vc_row full_width=&#8221;stretch_row_content&#8221; content_placement=&#8221;middle&#8221; disable_element=&#8221;yes&#8221; row_delimiter=&#8221;&#8221; row_fixed=&#8221;&#8221; hide_on_mobile=&#8221;&#8221; hide_on_frontpage=&#8221;&#8221;][vc_column]<div id=\"widget_slider_2001473621\" class=\"widget_area sc_widget_slider vc_widget_slider wpb_content_element\"><div class=\"widget widget_slider\">\t\t\t<div class=\"slider_wrap slider_engine_swiper\">\r\n\t\t\t\t<div id=\"widget_slider_2001473621_outer\" class=\"slider_swiper_outer slider_style_default slider_outer_nocontrols slider_outer_nopagination slider_outer_titles_center slider_outer_multi\"><div id=\"widget_slider_2001473621_swiper\" class=\"slider_swiper swiper-slider-container slider_nocontrols slider_nopagination slider_titles_center slider_multi slider_noresize slider_height_auto slider_type_images\" data-ratio=\"16:9\" data-interval=\"6000\" data-effect=\"slide\" data-pagination=\"bullets\" data-slides-per-view=\"7\" data-slides-space=\"0\">\r\n\t\t\t\t\t\t<div class=\"swiper-wrapper\"><div  class=\"swiper-slide\" data-image=\"https:\/\/neworkar.com.ar\/site\/wp-content\/uploads\/2017\/01\/logo-1.png\" style=\"\"><img decoding=\"async\" src=\"https:\/\/neworkar.com.ar\/site\/wp-content\/uploads\/2017\/01\/logo-1.png\" alt=\"\"><\/div><div  class=\"swiper-slide\" data-image=\"https:\/\/neworkar.com.ar\/site\/wp-content\/uploads\/2017\/01\/logo-3.png\" style=\"\"><img decoding=\"async\" src=\"https:\/\/neworkar.com.ar\/site\/wp-content\/uploads\/2017\/01\/logo-3.png\" alt=\"\"><\/div><div  class=\"swiper-slide\" data-image=\"https:\/\/neworkar.com.ar\/site\/wp-content\/uploads\/2017\/01\/logo-2.png\" style=\"\"><img decoding=\"async\" src=\"https:\/\/neworkar.com.ar\/site\/wp-content\/uploads\/2017\/01\/logo-2.png\" alt=\"\"><\/div><div  class=\"swiper-slide\" data-image=\"https:\/\/neworkar.com.ar\/site\/wp-content\/uploads\/2017\/01\/logo-4.png\" style=\"\"><img decoding=\"async\" src=\"https:\/\/neworkar.com.ar\/site\/wp-content\/uploads\/2017\/01\/logo-4.png\" alt=\"\"><\/div><div  class=\"swiper-slide\" data-image=\"https:\/\/neworkar.com.ar\/site\/wp-content\/uploads\/2017\/01\/logo-6.png\" style=\"\"><img decoding=\"async\" src=\"https:\/\/neworkar.com.ar\/site\/wp-content\/uploads\/2017\/01\/logo-6.png\" alt=\"\"><\/div><div  class=\"swiper-slide\" data-image=\"https:\/\/neworkar.com.ar\/site\/wp-content\/uploads\/2017\/01\/logo-5.png\" style=\"\"><img decoding=\"async\" src=\"https:\/\/neworkar.com.ar\/site\/wp-content\/uploads\/2017\/01\/logo-5.png\" alt=\"\"><\/div><div  class=\"swiper-slide\" data-image=\"https:\/\/neworkar.com.ar\/site\/wp-content\/uploads\/2017\/01\/logo-7.png\" style=\"\"><img decoding=\"async\" src=\"https:\/\/neworkar.com.ar\/site\/wp-content\/uploads\/2017\/01\/logo-7.png\" alt=\"\"><\/div><\/div><\/div><\/div>\t\t\t<\/div>\r\n\t\t\t<\/div><\/div>[\/vc_column][\/vc_row]<\/p>\n","protected":false},"excerpt":{"rendered":"<p>[vc_row css=&#8221;.vc_custom_1488381523804{padding-top: 0px !important;padding-bottom: 0px !important;}&#8221;][vc_column][vc_empty_space alter_height=&#8221;medium&#8221; hide_on_mobile=&#8221;&#8221;][vc_empty_space alter_height=&#8221;medium&#8221; hide_on_mobile=&#8221;1&#8243;][\/vc_column][\/vc_row][vc_row css=&#8221;.vc_custom_1623292157168{border-bottom-width: 3px !important;border-bottom-color: #dbdbdb !important;border-bottom-style: dotted !important;}&#8221;][vc_column width=&#8221;1\/5&#8243;][vc_single_image image=&#8221;1871&#8243; img_size=&#8221;full&#8221; alignment=&#8221;center&#8221;][\/vc_column][vc_column width=&#8221;4\/5&#8243;][vc_empty_space alter_height=&#8221;medium&#8221; hide_on_mobile=&#8221;&#8221;][\/vc_column][\/vc_row][vc_row css=&#8221;.vc_custom_1623292184981{border-bottom-width: 3px !important;border-bottom-color: #dbdbdb !important;border-bottom-style: dotted&hellip;<\/p>\n","protected":false},"author":2,"featured_media":0,"parent":0,"menu_order":0,"comment_status":"closed","ping_status":"closed","template":"","meta":{"_joinchat":[],"footnotes":""},"class_list":["post-184","page","type-page","status-publish","hentry"],"_links":{"self":[{"href":"https:\/\/neworkar.com.ar\/site\/wp-json\/wp\/v2\/pages\/184"}],"collection":[{"href":"https:\/\/neworkar.com.ar\/site\/wp-json\/wp\/v2\/pages"}],"about":[{"href":"https:\/\/neworkar.com.ar\/site\/wp-json\/wp\/v2\/types\/page"}],"author":[{"embeddable":true,"href":"https:\/\/neworkar.com.ar\/site\/wp-json\/wp\/v2\/users\/2"}],"replies":[{"embeddable":true,"href":"https:\/\/neworkar.com.ar\/site\/wp-json\/wp\/v2\/comments?post=184"}],"version-history":[{"count":21,"href":"https:\/\/neworkar.com.ar\/site\/wp-json\/wp\/v2\/pages\/184\/revisions"}],"predecessor-version":[{"id":2222,"href":"https:\/\/neworkar.com.ar\/site\/wp-json\/wp\/v2\/pages\/184\/revisions\/2222"}],"wp:attachment":[{"href":"https:\/\/neworkar.com.ar\/site\/wp-json\/wp\/v2\/media?parent=184"}],"curies":[{"name":"wp","href":"https:\/\/api.w.org\/{rel}","templated":true}]}}